{"id":489,"date":"2025-07-27T16:28:38","date_gmt":"2025-07-27T16:28:38","guid":{"rendered":"https:\/\/fusion-partner.de\/?page_id=489"},"modified":"2025-10-02T22:58:38","modified_gmt":"2025-10-02T22:58:38","slug":"paketpreise","status":"publish","type":"page","link":"https:\/\/fusion-partner.de\/en\/paketpreise\/","title":{"rendered":"Package prices"},"content":{"rendered":"\t\t<div data-elementor-type=\"wp-page\" data-elementor-id=\"489\" class=\"elementor elementor-489\" data-elementor-post-type=\"page\">\n\t\t\t\t<div class=\"elementor-element elementor-element-1c3c5fd0 e-con-full e-flex e-con e-parent\" data-id=\"1c3c5fd0\" data-element_type=\"container\" data-e-type=\"container\" data-settings=\"{&quot;background_background&quot;:&quot;classic&quot;,&quot;background_motion_fx_motion_fx_scrolling&quot;:&quot;yes&quot;,&quot;background_motion_fx_translateY_effect&quot;:&quot;yes&quot;,&quot;background_motion_fx_translateY_speed&quot;:{&quot;unit&quot;:&quot;px&quot;,&quot;size&quot;:4,&quot;sizes&quot;:[]},&quot;background_motion_fx_translateY_affectedRange&quot;:{&quot;unit&quot;:&quot;%&quot;,&quot;size&quot;:&quot;&quot;,&quot;sizes&quot;:{&quot;start&quot;:0,&quot;end&quot;:100}},&quot;background_motion_fx_devices&quot;:[&quot;desktop&quot;,&quot;tablet&quot;,&quot;mobile&quot;]}\">\n\t\t<div class=\"elementor-element elementor-element-35749aac e-con-full e-flex e-con e-child\" data-id=\"35749aac\" data-element_type=\"container\" data-e-type=\"container\">\n\t\t<div class=\"elementor-element elementor-element-c235342 e-con-full e-flex e-con e-child\" data-id=\"c235342\" data-element_type=\"container\" data-e-type=\"container\">\n\t\t\t\t<div class=\"elementor-element elementor-element-3dcab778 elementor-invisible elementor-widget elementor-widget-heading\" data-id=\"3dcab778\" data-element_type=\"widget\" data-e-type=\"widget\" data-settings=\"{&quot;_animation&quot;:&quot;fadeInDown&quot;}\" data-widget_type=\"heading.default\">\n\t\t\t\t\t<h2 class=\"elementor-heading-title elementor-size-default\">individuell &amp; transparent<\/h2>\t\t\t\t<\/div>\n\t\t\t\t<div class=\"elementor-element elementor-element-31d7d348 elementor-invisible elementor-widget elementor-widget-heading\" data-id=\"31d7d348\" data-element_type=\"widget\" data-e-type=\"widget\" data-settings=\"{&quot;_animation&quot;:&quot;fadeInUp&quot;}\" data-widget_type=\"heading.default\">\n\t\t\t\t\t<h1 class=\"elementor-heading-title elementor-size-default\">Unsere Leistungspakete <\/h1>\t\t\t\t<\/div>\n\t\t\t\t<\/div>\n\t\t<div class=\"elementor-element elementor-element-3c7bd2c e-con-full e-flex e-con e-child\" data-id=\"3c7bd2c\" data-element_type=\"container\" data-e-type=\"container\">\n\t\t\t\t<div class=\"elementor-element elementor-element-699621e6 elementor-widget elementor-widget-text-editor\" data-id=\"699621e6\" data-element_type=\"widget\" data-e-type=\"widget\" data-widget_type=\"text-editor.default\">\n\t\t\t\t\t\t\t\t\t<p data-start=\"199\" data-end=\"647\">Jedes Bauprojekt ist einzigartig. Deshalb bieten wir Ihnen individuell abgestimmte Leistungspakete, die genau zu Ihrem Bedarf passen \u2013 von punktueller Beratung bis hin zur umfassenden Projektbegleitung. Ob Qualit\u00e4tspr\u00fcfung direkt auf der Baustelle, Koordination von Fachplanern, Unterst\u00fctzung bei Vertragsfragen oder die technische Pr\u00fcfung vor Immobilienkauf: Mit unseren Paketen erhalten Sie maximale Sicherheit, Transparenz und Fachkompetenz. Unsere Preisgestaltung ist transparent und nachvollziehbar \u2013 ohne versteckte Kosten. W\u00e4hlen Sie das passende Paket f\u00fcr Ihr Vorhaben und profitieren Sie von unserer langj\u00e4hrigen Erfahrung im Bau- und Projektmanagement.<\/p>\t\t\t\t\t\t\t\t<\/div>\n\t\t\t\t<\/div>\n\t\t\t\t<\/div>\n\t\t<div class=\"elementor-element elementor-element-5d34dc07 e-con-full e-flex e-con e-child\" data-id=\"5d34dc07\" data-element_type=\"container\" data-e-type=\"container\">\n\t\t<div class=\"elementor-element elementor-element-385e8839 e-con-full e-flex e-con e-child\" data-id=\"385e8839\" data-element_type=\"container\" data-e-type=\"container\">\n\t\t\t\t<div class=\"elementor-element elementor-element-085a64b elementor-widget elementor-widget-heading\" data-id=\"085a64b\" data-element_type=\"widget\" data-e-type=\"widget\" data-widget_type=\"heading.default\">\n\t\t\t\t\t<h2 class=\"elementor-heading-title elementor-size-default\">Leistungspaket I<\/h2>\t\t\t\t<\/div>\n\t\t\t\t<div class=\"elementor-element elementor-element-74eb4008 elementor-widget elementor-widget-heading\" data-id=\"74eb4008\" data-element_type=\"widget\" data-e-type=\"widget\" data-widget_type=\"heading.default\">\n\t\t\t\t\t<h3 class=\"elementor-heading-title elementor-size-default\">Projektbegleitung &amp; Qualit\u00e4tspr\u00fcfung\n\n<\/h3>\t\t\t\t<\/div>\n\t\t\t\t<div class=\"elementor-element elementor-element-7265bd3c elementor-widget elementor-widget-text-editor\" data-id=\"7265bd3c\" data-element_type=\"widget\" data-e-type=\"widget\" data-widget_type=\"text-editor.default\">\n\t\t\t\t\t\t\t\t\t<p>Wir begleiten Sie w\u00e4hrend des gesamten Bauvorhabens mit regelm\u00e4\u00dfigen Baustellenbesuchen und fortlaufender Qualit\u00e4tskontrolle.<br \/>Inklusive: Protokollf\u00fchrung und pers\u00f6nliche Vor-Ort-Pr\u00fcfung.<\/p>\t\t\t\t\t\t\t\t<\/div>\n\t\t\t\t<\/div>\n\t\t<div class=\"elementor-element elementor-element-630b42ce e-con-full e-flex e-con e-child\" data-id=\"630b42ce\" data-element_type=\"container\" data-e-type=\"container\">\n\t\t\t\t<div class=\"elementor-element elementor-element-67561bc elementor-widget elementor-widget-text-editor\" data-id=\"67561bc\" data-element_type=\"widget\" data-e-type=\"widget\" data-widget_type=\"text-editor.default\">\n\t\t\t\t\t\t\t\t\t<p><strong>Ab 700,00\u202f\u20ac netto \/ Besuch<\/strong> \u2013 abh\u00e4ngig von Geb\u00e4udegr\u00f6\u00dfe &amp; Projektumfang<br \/>Zzgl. Nebenkosten &amp; Anfahrt<\/p>\t\t\t\t\t\t\t\t<\/div>\n\t\t\t\t<\/div>\n\t\t\t\t<\/div>\n\t\t<div class=\"elementor-element elementor-element-7e5b7874 e-con-full e-flex e-con e-child\" data-id=\"7e5b7874\" data-element_type=\"container\" data-e-type=\"container\">\n\t\t<div class=\"elementor-element elementor-element-257c3e92 e-con-full e-flex e-con e-child\" data-id=\"257c3e92\" data-element_type=\"container\" data-e-type=\"container\">\n\t\t\t\t<div class=\"elementor-element elementor-element-3cf0b84 elementor-widget elementor-widget-heading\" data-id=\"3cf0b84\" data-element_type=\"widget\" data-e-type=\"widget\" data-widget_type=\"heading.default\">\n\t\t\t\t\t<h2 class=\"elementor-heading-title elementor-size-default\">Leistungspaket II<\/h2>\t\t\t\t<\/div>\n\t\t\t\t<div class=\"elementor-element elementor-element-28d50213 elementor-widget elementor-widget-heading\" data-id=\"28d50213\" data-element_type=\"widget\" data-e-type=\"widget\" data-widget_type=\"heading.default\">\n\t\t\t\t\t<h3 class=\"elementor-heading-title elementor-size-default\"> Planungskoordination &amp; Kostenoptimierung<\/h3>\t\t\t\t<\/div>\n\t\t\t\t<div class=\"elementor-element elementor-element-71b52636 elementor-widget elementor-widget-text-editor\" data-id=\"71b52636\" data-element_type=\"widget\" data-e-type=\"widget\" data-widget_type=\"text-editor.default\">\n\t\t\t\t\t\t\t\t\t<p>Koordination der Fachplaner, Durchf\u00fchrung von Jour-Fix-Terminen inkl. Protokollierung und gezielter Beratung zur Kostenoptimierung.<\/p>\t\t\t\t\t\t\t\t<\/div>\n\t\t\t\t<\/div>\n\t\t<div class=\"elementor-element elementor-element-46010c4c e-con-full e-flex e-con e-child\" data-id=\"46010c4c\" data-element_type=\"container\" data-e-type=\"container\">\n\t\t\t\t<div class=\"elementor-element elementor-element-3efaf5b elementor-widget elementor-widget-text-editor\" data-id=\"3efaf5b\" data-element_type=\"widget\" data-e-type=\"widget\" data-widget_type=\"text-editor.default\">\n\t\t\t\t\t\t\t\t\t<p><b>120,00\u202f\u20ac \/ Stunde\u00a0<br \/><\/b>Zzgl. Anfahrt<\/p>\t\t\t\t\t\t\t\t<\/div>\n\t\t\t\t<\/div>\n\t\t\t\t<\/div>\n\t\t<div class=\"elementor-element elementor-element-31e13e2c e-con-full e-flex e-con e-child\" data-id=\"31e13e2c\" data-element_type=\"container\" data-e-type=\"container\">\n\t\t<div class=\"elementor-element elementor-element-3c87d59a e-con-full e-flex e-con e-child\" data-id=\"3c87d59a\" data-element_type=\"container\" data-e-type=\"container\">\n\t\t\t\t<div class=\"elementor-element elementor-element-f05bb35 elementor-widget elementor-widget-heading\" data-id=\"f05bb35\" data-element_type=\"widget\" data-e-type=\"widget\" data-widget_type=\"heading.default\">\n\t\t\t\t\t<h2 class=\"elementor-heading-title elementor-size-default\">Leistungspaket III<\/h2>\t\t\t\t<\/div>\n\t\t\t\t<div class=\"elementor-element elementor-element-49605a47 elementor-widget elementor-widget-heading\" data-id=\"49605a47\" data-element_type=\"widget\" data-e-type=\"widget\" data-widget_type=\"heading.default\">\n\t\t\t\t\t<h3 class=\"elementor-heading-title elementor-size-default\">Vertragsbegleitung &amp; baurechtlich relevante Unterst\u00fctzung<\/h3>\t\t\t\t<\/div>\n\t\t\t\t<div class=\"elementor-element elementor-element-2e604e2f elementor-widget elementor-widget-text-editor\" data-id=\"2e604e2f\" data-element_type=\"widget\" data-e-type=\"widget\" data-widget_type=\"text-editor.default\">\n\t\t\t\t\t\t\t\t\t<p>Begleitung bei der Erstellung und Pr\u00fcfung von Bauvertr\u00e4gen aus baupraktischer Sicht, Unterst\u00fctzung bei der Bewertung von technischen Inhalten nach VOB und BGB, Hinweise auf branchenspezifische Risiken und typische Vertragskonflikte und Koordination mit juristischen Beratern bei Bedarf.<\/p>\t\t\t\t\t\t\t\t<\/div>\n\t\t\t\t<\/div>\n\t\t<div class=\"elementor-element elementor-element-3ac4d986 e-con-full e-flex e-con e-child\" data-id=\"3ac4d986\" data-element_type=\"container\" data-e-type=\"container\">\n\t\t\t\t<div class=\"elementor-element elementor-element-6deffa5 elementor-widget elementor-widget-text-editor\" data-id=\"6deffa5\" data-element_type=\"widget\" data-e-type=\"widget\" data-widget_type=\"text-editor.default\">\n\t\t\t\t\t\t\t\t\t<p><b>150,00\u202f\u20ac \/ Stunde\u00a0<br \/><\/b>Zzgl. Anfahrt<\/p>\t\t\t\t\t\t\t\t<\/div>\n\t\t\t\t<\/div>\n\t\t\t\t<\/div>\n\t\t<div class=\"elementor-element elementor-element-127f94ea e-con-full e-flex e-con e-child\" data-id=\"127f94ea\" data-element_type=\"container\" data-e-type=\"container\">\n\t\t<div class=\"elementor-element elementor-element-2a6baaed e-con-full e-flex e-con e-child\" data-id=\"2a6baaed\" data-element_type=\"container\" data-e-type=\"container\">\n\t\t\t\t<div class=\"elementor-element elementor-element-4433cff elementor-widget elementor-widget-heading\" data-id=\"4433cff\" data-element_type=\"widget\" data-e-type=\"widget\" data-widget_type=\"heading.default\">\n\t\t\t\t\t<h2 class=\"elementor-heading-title elementor-size-default\">Leistungspaket IV<\/h2>\t\t\t\t<\/div>\n\t\t\t\t<div class=\"elementor-element elementor-element-3f9ef402 elementor-widget elementor-widget-heading\" data-id=\"3f9ef402\" data-element_type=\"widget\" data-e-type=\"widget\" data-widget_type=\"heading.default\">\n\t\t\t\t\t<h3 class=\"elementor-heading-title elementor-size-default\">Technische Pr\u00fcfung vor Immobilienkauf<\/h3>\t\t\t\t<\/div>\n\t\t\t\t<div class=\"elementor-element elementor-element-105d7033 elementor-widget elementor-widget-text-editor\" data-id=\"105d7033\" data-element_type=\"widget\" data-e-type=\"widget\" data-widget_type=\"text-editor.default\">\n\t\t\t\t\t\t\t\t\t<p>Objektpr\u00fcfung vor Erwerb inkl. unabh\u00e4ngiger gutachterlicher Stellungnahme zur technischen Qualit\u00e4t der Anlage.<\/p>\t\t\t\t\t\t\t\t<\/div>\n\t\t\t\t<\/div>\n\t\t<div class=\"elementor-element elementor-element-2451d083 e-con-full e-flex e-con e-child\" data-id=\"2451d083\" data-element_type=\"container\" data-e-type=\"container\">\n\t\t\t\t<div class=\"elementor-element elementor-element-7ea128d elementor-widget elementor-widget-text-editor\" data-id=\"7ea128d\" data-element_type=\"widget\" data-e-type=\"widget\" data-widget_type=\"text-editor.default\">\n\t\t\t\t\t\t\t\t\t<p><strong>Ab<\/strong><b>\u00a01.000,00\u202f\u20ac netto \/ Tag<\/b><br \/>Zzgl. Nebenkosten &amp; Anfahrt<\/p>\t\t\t\t\t\t\t\t<\/div>\n\t\t\t\t<\/div>\n\t\t\t\t<\/div>\n\t\t<div class=\"elementor-element elementor-element-7630cb75 e-con-full e-flex e-con e-child\" data-id=\"7630cb75\" data-element_type=\"container\" data-e-type=\"container\">\n\t\t<div class=\"elementor-element elementor-element-15b11e48 e-con-full e-flex e-con e-child\" data-id=\"15b11e48\" data-element_type=\"container\" data-e-type=\"container\">\n\t\t\t\t<div class=\"elementor-element elementor-element-fd7cca4 elementor-widget elementor-widget-heading\" data-id=\"fd7cca4\" data-element_type=\"widget\" data-e-type=\"widget\" data-widget_type=\"heading.default\">\n\t\t\t\t\t<h2 class=\"elementor-heading-title elementor-size-default\">Leistungspaket V<\/h2>\t\t\t\t<\/div>\n\t\t\t\t<div class=\"elementor-element elementor-element-5079e845 elementor-widget elementor-widget-heading\" data-id=\"5079e845\" data-element_type=\"widget\" data-e-type=\"widget\" data-widget_type=\"heading.default\">\n\t\t\t\t\t<h3 class=\"elementor-heading-title elementor-size-default\">Begleitung zur Schlussabnahme<\/h3>\t\t\t\t<\/div>\n\t\t\t\t<div class=\"elementor-element elementor-element-1cea3074 elementor-widget elementor-widget-text-editor\" data-id=\"1cea3074\" data-element_type=\"widget\" data-e-type=\"widget\" data-widget_type=\"text-editor.default\">\n\t\t\t\t\t\t\t\t\t<p>Fachkundige Unterst\u00fctzung bei der finalen Abnahme Ihres Bauvorhabens \u2013 zur Absicherung Ihrer Interessen.<\/p>\t\t\t\t\t\t\t\t<\/div>\n\t\t\t\t<\/div>\n\t\t<div class=\"elementor-element elementor-element-33359083 e-con-full e-flex e-con e-child\" data-id=\"33359083\" data-element_type=\"container\" data-e-type=\"container\">\n\t\t\t\t<div class=\"elementor-element elementor-element-ca03940 elementor-widget elementor-widget-text-editor\" data-id=\"ca03940\" data-element_type=\"widget\" data-e-type=\"widget\" data-widget_type=\"text-editor.default\">\n\t\t\t\t\t\t\t\t\t<p><strong>Ab<\/strong><b>\u00a01.000,00\u202f\u20ac netto \/ Tag<\/b><br \/>Zzgl. Nebenkosten &amp; Anfahrt<\/p>\t\t\t\t\t\t\t\t<\/div>\n\t\t\t\t<\/div>\n\t\t\t\t<\/div>\n\t\t<div class=\"elementor-element elementor-element-8648af4 e-con-full e-flex e-con e-child\" data-id=\"8648af4\" data-element_type=\"container\" data-e-type=\"container\">\n\t\t<div class=\"elementor-element elementor-element-346cd474 e-con-full e-flex e-con e-child\" data-id=\"346cd474\" data-element_type=\"container\" data-e-type=\"container\">\n\t\t\t\t<div class=\"elementor-element elementor-element-7aa6841 elementor-widget elementor-widget-heading\" data-id=\"7aa6841\" data-element_type=\"widget\" data-e-type=\"widget\" data-widget_type=\"heading.default\">\n\t\t\t\t\t<h2 class=\"elementor-heading-title elementor-size-default\">Jetzt Kontakt aufnehmen<\/h2>\t\t\t\t<\/div>\n\t\t\t\t<div class=\"elementor-element elementor-element-203a6694 elementor-widget elementor-widget-heading\" data-id=\"203a6694\" data-element_type=\"widget\" data-e-type=\"widget\" data-widget_type=\"heading.default\">\n\t\t\t\t\t<h3 class=\"elementor-heading-title elementor-size-default\">Haben Sie Fragen zu unseren Leistungspaketen?<\/h3>\t\t\t\t<\/div>\n\t\t\t\t<div class=\"elementor-element elementor-element-67cd2b35 elementor-widget elementor-widget-text-editor\" data-id=\"67cd2b35\" data-element_type=\"widget\" data-e-type=\"widget\" data-widget_type=\"text-editor.default\">\n\t\t\t\t\t\t\t\t\t<p>Gerne beraten wir Sie pers\u00f6nlich und finden gemeinsam das passende Angebot f\u00fcr Ihr Bauvorhaben. Nehmen Sie einfach Kontakt mit uns auf \u2013 wir freuen uns auf Ihre Anfrage!<\/p>\t\t\t\t\t\t\t\t<\/div>\n\t\t\t\t<\/div>\n\t\t<div class=\"elementor-element elementor-element-15725334 e-con-full e-flex e-con e-child\" data-id=\"15725334\" data-element_type=\"container\" data-e-type=\"container\">\n\t\t\t\t<div class=\"elementor-element elementor-element-23f9e114 elementor-align-justify elementor-widget elementor-widget-button\" data-id=\"23f9e114\" data-element_type=\"widget\" data-e-type=\"widget\" data-widget_type=\"button.default\">\n\t\t\t\t\t\t\t\t\t\t<a class=\"elementor-button elementor-button-link elementor-size-sm elementor-animation-grow\" href=\"https:\/\/fusion-partner.de\/en\/kontakt\/\">\n\t\t\t\t\t\t<span class=\"elementor-button-content-wrapper\">\n\t\t\t\t\t\t\t\t\t<span class=\"elementor-button-text\">Kontakt aufnehmen<\/span>\n\t\t\t\t\t<\/span>\n\t\t\t\t\t<\/a>\n\t\t\t\t\t\t\t\t<\/div>\n\t\t\t\t<\/div>\n\t\t\t\t<\/div>\n\t\t\t\t<\/div>\n\t\t<div class=\"elementor-element elementor-element-fb2df00 e-flex e-con-boxed e-con e-parent\" data-id=\"fb2df00\" data-element_type=\"container\" data-e-type=\"container\" data-settings=\"{&quot;background_background&quot;:&quot;classic&quot;}\">\n\t\t\t\t\t<div class=\"e-con-inner\">\n\t\t\t\t\t<\/div>\n\t\t\t\t<\/div>\n\t\t\t\t<\/div>\n\t\t","protected":false},"excerpt":{"rendered":"<p>individuell &amp; transparent Unsere Leistungspakete Jedes Bauprojekt ist einzigartig. Deshalb bieten wir Ihnen individuell abgestimmte Leistungspakete, die genau zu Ihrem Bedarf passen \u2013 von punktueller Beratung bis hin zur umfassenden Projektbegleitung. Ob Qualit\u00e4tspr\u00fcfung direkt auf der Baustelle, Koordination von Fachplanern, Unterst\u00fctzung bei Vertragsfragen oder die technische Pr\u00fcfung vor Immobilienkauf: Mit unseren Paketen erhalten Sie maximale [&hellip;]<\/p>\n","protected":false},"author":1,"featured_media":0,"parent":0,"menu_order":0,"comment_status":"closed","ping_status":"closed","template":"elementor_header_footer","meta":{"footnotes":""},"class_list":["post-489","page","type-page","status-publish","hentry"],"_links":{"self":[{"href":"https:\/\/fusion-partner.de\/en\/wp-json\/wp\/v2\/pages\/489","targetHints":{"allow":["GET"]}}],"collection":[{"href":"https:\/\/fusion-partner.de\/en\/wp-json\/wp\/v2\/pages"}],"about":[{"href":"https:\/\/fusion-partner.de\/en\/wp-json\/wp\/v2\/types\/page"}],"author":[{"embeddable":true,"href":"https:\/\/fusion-partner.de\/en\/wp-json\/wp\/v2\/users\/1"}],"replies":[{"embeddable":true,"href":"https:\/\/fusion-partner.de\/en\/wp-json\/wp\/v2\/comments?post=489"}],"version-history":[{"count":24,"href":"https:\/\/fusion-partner.de\/en\/wp-json\/wp\/v2\/pages\/489\/revisions"}],"predecessor-version":[{"id":937,"href":"https:\/\/fusion-partner.de\/en\/wp-json\/wp\/v2\/pages\/489\/revisions\/937"}],"wp:attachment":[{"href":"https:\/\/fusion-partner.de\/en\/wp-json\/wp\/v2\/media?parent=489"}],"curies":[{"name":"wp","href":"https:\/\/api.w.org\/{rel}","templated":true}]}}